{"id":959,"date":"2025-07-22T05:11:52","date_gmt":"2025-07-22T05:11:52","guid":{"rendered":"https:\/\/franquesa.tandem.ws\/?page_id=959"},"modified":"2025-07-22T05:15:28","modified_gmt":"2025-07-22T05:15:28","slug":"politica-de-privacidad","status":"publish","type":"page","link":"https:\/\/immobiliariafranquesa.com\/es\/politica-de-privacidad\/","title":{"rendered":"Pol\u00edtica de privacidad"},"content":{"rendered":"<h1 class=\"gb-text\">Pol\u00edtica de privacidad<\/h1>\n\n\n\n<h3 class=\"wp-block-heading\">Datos el propietario de la web<\/h3>\n\n\n\n<p><strong>Luis Franquesa, SL.<\/strong><br>B17525635<br><strong>Direcci\u00f3n:<\/strong> Josep M\u00aa Pellicer, 39. 17.500 Ripoll<br><strong>e-mail:<\/strong> immobiliaria.franquesa@gmail.com<br><strong>Tel\u00e9fono:<\/strong> 9727005550<br><strong>Objeto:<\/strong> Agencia Inmobiliaria<\/p>\n\n\n\n<h3 class=\"wp-block-heading\">Protecci\u00f3n de datos<\/h3>\n\n\n\n<p>De conformidad con la normativa vigente y aplicable en protecci\u00f3n de datos de car\u00e1cter personal, les informamos de que sus datos ser\u00e1n incorporados al sistema de tratamiento titularidad de LLUIS FRANQUESA, SL con NIF B17525635 y domicilio social a Josep M\u00aa Pellicer, 39. 17.500 Ripoll, y que a continuaci\u00f3n se relacionan sus respectivas finalidades, plazos de conservaci\u00f3n. Para aquellos tratamientos que requieran, se informar\u00e1 tambi\u00e9n de la posible elaboraci\u00f3n de perfiles y decisiones automatizadas, como las posibles cesiones y transferencias internacionales que LLUIS FRANQUESA, SL ha previsto realizar<\/p>\n\n\n\n<p><strong>Gesti\u00f3n de la p\u00e1gina web:<\/strong><br><strong>Finalidad<\/strong>: Tratamiento y gesti\u00f3n de los datos necesarios para la funcionalidad de la p\u00e1gina web.<br><strong>Plazo de conservaci\u00f3n:<\/strong> mientras perdure el consentimiento prestado.<br><strong>Base leg\u00edtima: <\/strong>El consentimiento del interesado.<br><strong>Tipolog\u00eda de Datos:<\/strong> Datos meramente identificativos.<br><strong>Cesiones:<\/strong> No se prev\u00e9n.<br><strong>Transferencias internacionales:<\/strong> No se prev\u00e9n.<br><strong>Elaboraciones de perfiles:<\/strong> No se prev\u00e9n<\/p>\n\n\n\n<p><strong>Formulario web:<\/strong><br><strong>Finalidad<\/strong>: Atender sus consultas y\/o solicitudes.<br><strong>Plazo de conservaci\u00f3n:<\/strong> mientras perdure el consentimiento prestado.<br><strong>Base leg\u00edtima: <\/strong>El consentimiento del interesado.<br><strong>Tipolog\u00eda de Datos:<\/strong> Datos meramente identificativos.<br><strong>Cesiones:<\/strong> No se prev\u00e9n.<br><strong>Transferencias internacionales:<\/strong> No se prev\u00e9n.<br><strong>Elaboraciones de perfiles:<\/strong> No se prev\u00e9n<\/p>\n\n\n\n<p><strong>Gesti\u00f3n del cumplimiento normativo:<\/strong><br><strong>Finalidad<\/strong>: Gesti\u00f3n y tramitaci\u00f3n de las obligaciones y deberes que se deriven del cumplimiento de la normativa a la que est\u00e1 sujeta la entidad.<br><strong>Plazo de conservaci\u00f3n:<\/strong> Conservaci\u00f3n de las copias de los documentos hasta que prescriban las acciones para reclamarle posible responsabilidad.<br><strong>Base leg\u00edtima: <\/strong>El cumplimiento de una ley.<br><strong>Tipolog\u00eda de Datos:<\/strong> Datos meramente identificativos.<br><strong>Cesiones:<\/strong> sus datos ser\u00e1n comunicados en caso de que sea necesario a Organismos y\/o administraci\u00f3n p\u00fablica con competencia en la materia con el fin de cumplir con las obligaciones establecidas en la normativa aplicable. Adem\u00e1s, se informa que la base legitimadora de la cesi\u00f3n es cumplir con las obligaciones establecidas en la normativa aplicable.<br><strong>Transferencias internacionales:<\/strong> No se prev\u00e9n.<br><strong>Elaboraciones de perfiles:<\/strong> No se prev\u00e9n<\/p>\n\n\n\n<p><strong>Acciones comerciales:<\/strong><br><strong>Finalidad<\/strong>: Captaci\u00f3n, registro y tratamiento de datos con fines de publicidad y prospecci\u00f3n comercial de nuestros productos y\/o servicios.<br><strong>Plazo de conservaci\u00f3n:<\/strong> mientras perdure el consentimiento prestado.<br><strong>Base leg\u00edtima: <\/strong>El consentimiento del interesado.<br><strong>Tipolog\u00eda de Datos:<\/strong> Datos meramente identificativos.<br><strong>Cesiones:<\/strong> No se prev\u00e9n.<br><strong>Transferencias internacionales:<\/strong> No se prev\u00e9n.<br><strong>Elaboraciones de perfiles:<\/strong> No se prev\u00e9n<\/p>\n\n\n\n<p>A su vez, le informamos que puede contactar con el Delegado de Protecci\u00f3n de Datos, dirigi\u00e9ndose por escrito a la direcci\u00f3n de correo immobiliaria.franquesaa@gmail.com o al tel\u00e9fono 972 70 05 50<\/p>\n\n\n\n<h3 class=\"wp-block-heading\">Derechos de los interesados<\/h3>\n\n\n\n<p>LLUIS FRANQUESA, SL informa a los usuarios que, podr\u00e1n ejercer los derechos de acceso, rectificaci\u00f3n, limitaci\u00f3n, supresi\u00f3n, portabilidad y oposici\u00f3n al tratamiento de sus datos de car\u00e1cter personal frente al Responsable del Tratamiento, as\u00ed como a la retirada del consentimiento prestado.<\/p>\n\n\n\n<ul class=\"wp-block-list\">\n<li>Derecho de Acceso: Es el derecho del usuario a obtener informaci\u00f3n sobre los datos concretos de car\u00e1cter personal y del tratamiento que se haya realizado o realice, as\u00ed como de la informaci\u00f3n disponible sobre el origen de estos datos y las comunicaciones realizadas o previstas de los mismos.<\/li>\n\n\n\n<li>Derecho de Rectificaci\u00f3n: Es el derecho del afectado a que se modifiquen los datos que resulten ser inexactos o incompletos. Solo podr\u00e1 satisfacerse en relaci\u00f3n a aquella informaci\u00f3n que se encuentra bajo el control de LLUIS FRANQUESA, SL, por ejemplo, eliminar comentarios publicados en la propia p\u00e1gina, im\u00e1genes o contenidos web donde consten datos de car\u00e1cter personal del usuario.<\/li>\n\n\n\n<li>Derecho a la Limitaci\u00f3n de tratamiento: Es el derecho a que se limiten los fines del tratamiento previstos de forma original por el responsable del tratamiento.<\/li>\n\n\n\n<li>Derecho de Supresi\u00f3n: Es el derecho a suprimir los datos de car\u00e1cter personal del usuario, a excepci\u00f3n de lo previsto en el propio RGPD o en otras normativas aplicables que determinen la obligatoriedad de su conservaci\u00f3n, en tiempo y forma.<\/li>\n\n\n\n<li>Derecho de portabilidad: El derecho a recibir los datos personales que el usuario haya facilitado, en formato estructurado, de uso com\u00fan y lectura mec\u00e1nica, ya transmitirlos a otro responsable.<\/li>\n\n\n\n<li>Derecho de Oposici\u00f3n: Es el derecho del usuario que no se lleve a cabo el tratamiento de sus datos de car\u00e1cter personal o se cese su tratamiento por parte de LLUIS FRANQUESA, SL.<\/li>\n<\/ul>\n\n\n\n<p>Para poder ejercer cualquiera de los derechos descritos anteriormente deber\u00e1 cumplir los siguientes requisitos:<\/p>\n\n\n\n<ul class=\"wp-block-list\">\n<li>Presentacin de un escrito en la direcci\u00f3n CALLE JOEP M PELLICER, 39 BXS 17500, RIPOLL (GIRONA) (a la atenci\u00f3n de LLUIS FRANQUESA, SL) o bien a trav\u00e9s del correo: immobiliaria.franquesa@gmail.com.<\/li>\n\n\n\n<li>El escrito remitido por el titular de los datos que solicite el ejercicio deber de cumplir los siguientes requisitos legales:<br>1. Nombre, apellidos del interesado y copia del DNI\/NIE o cualquier documento identificativo. En los casos excepcionales en que se admita la representaci\u00f3n, tambi\u00e9n ser\u00e1 necesaria la identificaci\u00f3n por el mismo medio de la persona que lo representa, as\u00ed como el documento acreditativo de la representaci\u00f3n. La fotocopia del DNI podr\u00e1 ser sustituida siempre que se acredite su identidad por cualquier otro medio v\u00e1lido en derecho.<br>2.Petici\u00f3n en la que se concreta la solicitud. (Ejercicio en el que se solicita la informaci\u00f3n a la que se quiere acceder). Si no hace referencia a un archivo concreto se le facilitar\u00e1 toda la informaci\u00f3n que se tenga con sus datos de car\u00e1cter personal. Si solicita informaci\u00f3n de un archivo en concreto, s\u00f3lo la informaci\u00f3n de este archivo. Si solicita informaci\u00f3n relativa a un tercero nunca podr\u00e1 facilitarse. Si lo solicita por tel\u00e9fono se le indicar\u00e1 que lo haga por escrito y se le informar\u00e1 de c\u00f3mo puede hacerlo y la direcci\u00f3n a la que debe enviarlo. Nunca se le dar\u00e1 informaci\u00f3n por tel\u00e9fono.<br>3. Domicilio a efectos de notificaciones.<br>4. Fecha y firma del solicitante.<br>5. Documentos acreditativos de la petici\u00f3n que formula.<br>6. El interesado utilizar\u00e1 cualquier medio que permita acreditar el env\u00edo y la recepci\u00f3n de la solicitud.<\/li>\n<\/ul>\n\n\n\n<p>Por \u00faltimo, le informamos que tiene derecho a presentar una reclamaci\u00f3n ante la Agencia Espa\u00f1ola de Protecci\u00f3n de Datos en caso de que tenga conocimiento o considere que un hecho pueda suponer un incumplimiento de la normativa aplicable en materia de protecci\u00f3n de datos.<br>LLUIS FRANQUESA, SL se compromete a adoptar las medidas t\u00e9cnicas y organizativas necesarias, de acuerdo con el nivel de riesgos que acompa\u00f1an a los tratamientos realizados por \u00e9stas e indicados en el apartado de los t\u00e9rminos y condiciones de uso, de forma que garanticen su integridad, confidencialidad y disponibilidad.<\/p>","protected":false},"excerpt":{"rendered":"<p>Pol\u00edtica de privacidad Datos el propietario de la web Lluis Franquesa, SL.B17525635Direcci\u00f3n: Josep M\u00aa Pellicer, 39. 17.500 Ripolle-mail: immobiliaria.franquesa@gmail.comTel\u00e9fono: 9727005550Objeto: Agencia Inmobiliaria Protecci\u00f3n de datos informamos que sus datos ser\u00e1n incorporados al sistema de tratamiento titularidad de LLUIS \u2026 <a title=\"Pol\u00edtica de privacidad\" class=\"read-more\" href=\"https:\/\/immobiliariafranquesa.com\/es\/politica-de-privacidad\/\" aria-label=\"Leer m\u00e1s sobre Pol\u00edtica de privacitat\">Leer m\u00e1s<\/a><\/p>","protected":false},"author":1,"featured_media":0,"parent":0,"menu_order":0,"comment_status":"closed","ping_status":"closed","template":"","meta":{"_acf_changed":false,"footnotes":""},"class_list":["post-959","page","type-page","status-publish"],"acf":[],"_links":{"self":[{"href":"https:\/\/immobiliariafranquesa.com\/es\/wp-json\/wp\/v2\/pages\/959","targetHints":{"allow":["GET"]}}],"collection":[{"href":"https:\/\/immobiliariafranquesa.com\/es\/wp-json\/wp\/v2\/pages"}],"about":[{"href":"https:\/\/immobiliariafranquesa.com\/es\/wp-json\/wp\/v2\/types\/page"}],"author":[{"embeddable":true,"href":"https:\/\/immobiliariafranquesa.com\/es\/wp-json\/wp\/v2\/users\/1"}],"replies":[{"embeddable":true,"href":"https:\/\/immobiliariafranquesa.com\/es\/wp-json\/wp\/v2\/comments?post=959"}],"version-history":[{"count":2,"href":"https:\/\/immobiliariafranquesa.com\/es\/wp-json\/wp\/v2\/pages\/959\/revisions"}],"predecessor-version":[{"id":962,"href":"https:\/\/immobiliariafranquesa.com\/es\/wp-json\/wp\/v2\/pages\/959\/revisions\/962"}],"wp:attachment":[{"href":"https:\/\/immobiliariafranquesa.com\/es\/wp-json\/wp\/v2\/media?parent=959"}],"curies":[{"name":"wp","href":"https:\/\/api.w.org\/{rel}","templated":true}]}}