{"id":963,"date":"2025-07-22T05:16:19","date_gmt":"2025-07-22T05:16:19","guid":{"rendered":"https:\/\/franquesa.tandem.ws\/?page_id=963"},"modified":"2025-07-22T05:16:20","modified_gmt":"2025-07-22T05:16:20","slug":"aviso-legal","status":"publish","type":"page","link":"https:\/\/immobiliariafranquesa.com\/es\/aviso-legal\/","title":{"rendered":"Aviso Legal"},"content":{"rendered":"<h1 class=\"gb-text\">Aviso Legal<\/h1>\n\n\n\n<p>En cumplimiento de la Ley 34\/2002, de 11 de julio, de Servicios de la Sociedad de la Informaci\u00f3n y de Comercio Electr\u00f3nico (LSSI-CE), LLUIS FRANQUESA, SL le informa que es titular del sitio web. De acuerdo con la exigencia del art\u00edculo 10 de la citada Ley, LLUIS FRANQUESA, SL informa de los siguientes datos:<\/p>\n\n\n\n<p><strong>Luis Franquesa, SL.<\/strong><br>B17525635<br><strong>Direcci\u00f3n:<\/strong> Josep M\u00aa Pellicer, 39. 17.500 Ripoll<br><strong>e-mail:<\/strong> immobiliaria.franquesa@gmail.com<br><strong>Tel\u00e9fono:<\/strong> 9727005550<br><strong>Objeto:<\/strong> Agencia Inmobiliaria<\/p>\n\n\n\n<h3 class=\"wp-block-heading\">Usuario y r\u00e9gimen de responsabilidades<\/h3>\n\n\n\n<p>La navegaci\u00f3n, acceso y uso por el sitio web de LLUIS FRANQUESA, SL confiere la condici\u00f3n de usuario, por la que se aceptan, desde la navegaci\u00f3n por el sitio web de LLUIS FRANQUESA, SL, todas las condiciones de uso aqu\u00ed establecidas sin perjuicio de la aplicaci\u00f3n de la correspondiente normativa de obligado cumplimiento legal seg\u00fan sea el caso.<br>El sitio web de LLUIS FRANQUESA, SL proporciona una gran diversidad de informaci\u00f3n, servicios y datos. El usuario asume la responsabilidad en el correcto uso del sitio web. Esta responsabilidad se extiende a:<\/p>\n\n\n\n<ul class=\"wp-block-list\">\n<li>La veracidad y licitud de las informaciones aportadas por el usuario a los formularios extendidos por LLUIS FRANQUESA, SL para el acceso a ciertos contenidos o servicios ofrecidos por la web.<\/li>\n\n\n\n<li>El uso de la informaci\u00f3n, servicios y datos ofrecidos por LLUIS FRANQUESA, SL contrariamente a lo que disponen estas condiciones, la Ley, la moral, las buenas costumbres o el orden p\u00fablico, o que de cualquier otra forma puedan suponer lesiones de los derechos de terceros o del mismo funcionamiento del sitio web.<\/li>\n<\/ul>\n\n\n\n<h3 class=\"wp-block-heading\">Pol\u00edtica de enlaces y exenciones de responsabilidad.<\/h3>\n\n\n\n<p>LLUIS FRANQUESA, SL no se hace responsable del contenido de los sitios web a los que el usuario pueda acceder a trav\u00e9s de los enlaces establecidos en su sitio web y declara que en ning\u00fan caso proceder a examinar o ejercitar ning\u00fan tipo de control sobre el contenido de otros sitios de la red. Asimismo, tampoco garantizar la disponibilidad t\u00e9cnica, exactitud, veracidad, validez o legalidad de sitios ajenos a su propiedad a los que se pueda acceder mediante los enlaces.<br>LLUIS FRANQUESA, SL declara haber adoptado todas las medidas necesarias para evitar cualquier da\u00f1o a los usuarios de su sitio web, que pudieran derivarse de la navegacin por su sitio web. En consecuencia, LLUIS FRANQUESA, SL no se hace responsable, en ning\u00fan caso, de los eventuales da\u00f1os que por la navegaci\u00f3n por Internet pudiera sufrir el usuario.<\/p>\n\n\n\n<h3 class=\"wp-block-heading\">Modificaciones.<\/h3>\n\n\n\n<p>LLUIS FRANQUESA, SL se reserva el derecho a realizar las modificaciones que considere oportunas, sin previo aviso, al contenido de su sitio web. Tanto en lo que se refiere a los contenidos del sitio web, como a las condiciones de uso del mismo, oa las condiciones generales de contrataci\u00f3n. Estas modificaciones podr\u00e1n realizarse a trav\u00e9s de su sitio web por cualquier forma admisible en derecho y ser\u00e1n de obligado cumplimiento durante el tiempo en que se encuentren publicadas en la web y hasta que no sean modificadas v\u00e1lidamente por otras posteriores.<\/p>\n\n\n\n<h3 class=\"wp-block-heading\">Propiedad intelectual e industrial.<\/h3>\n\n\n\n<p>LLUIS FRANQUESA, SL por s\u00ed misma o como cesionaria, es titular de todos los derechos de propiedad intelectual e industrial de su p\u00e1gina web, as\u00ed como de los elementos contenidos en la misma (at\u00falo enunciativo, im\u00e1genes, sonido, audio, v\u00eddeo, software o textos, marcas o logotipos, combinaciones de colores, estructura y dise\u00f1o, selecci\u00f3n de materiales usados, programas de ordenador. LUIS FRANQUESA, SL. Son, por tanto, obras protegidas como propiedad intelectual por el ordenamiento jur\u00eddico espa\u00f1ol, y les ser\u00e1n de aplicaci\u00f3n tanto la normativa espa\u00f1ola y comunitaria en este campo, como los tratados internacionales relativos a la materia y suscritos por Espa\u00f1a.<br>Todos los derechos reservados. En virtud de lo dispuesto en la Ley de Propiedad Intelectual, quedan expresamente prohibidas la reproducci\u00f3n, distribuci\u00f3n y comunicaci\u00f3n p\u00fablica, incluida su modalidad de puesta a disposici\u00f3n, de la totalidad o parte de los contenidos de esta p\u00e1gina web, con fines comerciales, en cualquier soporte y por cualquier medio t\u00e9cnico, sin la autorizaci\u00f3n de LLUIS FRANQUESA, SL.<br>El usuario se compromete a respetar los derechos de propiedad intelectual e industrial titularidad de LLUIS FRANQUESA, SL. Podr\u00e1 visualizar los elementos del portal e incluso imprimirlos, copiarlos y almacenarlos en el disco duro de su ordenador o en cualquier otro soporte f\u00edsico siempre que sea, \u00fanica y exclusivamente, para su uso personal y privado. El usuario deber\u00e1 abstenerse de suprimir, alterar, eludir o manipular cualquier dispositivo de protecci\u00f3n o sistema de seguridad que estuviera instalado en las p\u00e1ginas de LLUIS FRANQUESA, SL.<\/p>\n\n\n\n<h3 class=\"wp-block-heading\">Precios indicados.<\/h3>\n\n\n\n<p>Cada posible inmueble ofrecido tendr\u00e1 indicado su precio y si tiene incorporado el IVA o cualquier otro impuesto que, en su caso, sea de aplicaci\u00f3n. Los precios indicados en la pantalla ser\u00e1n los vigentes en cada momento salvo error tipogr\u00e1fico.<\/p>\n\n\n\n<h3 class=\"wp-block-heading\">Acciones legales, legislaci\u00f3n aplicable y jurisdicci\u00f3n.<\/h3>\n\n\n\n<p>LLUIS FRANQUESA, SL se reserva, asimismo, la facultad de presentar las acciones civiles o penales que considere oportunas por la utilizaci\u00f3n indebida de su sitio web y contenidos, o por el incumplimiento de las presentes condiciones.<br>La relaci\u00f3n entre el usuario y el prestamista se regir\u00e1 por la normativa vigente y de aplicaci\u00f3n en territorio espa\u00f1ol. Si surge cualquier controversia las partes podr\u00e1n someter sus conflictos a arbitraje o acudir a la jurisdicci\u00f3n ordinaria cumpliendo con las normas sobre jurisdicci\u00f3n y competencia al respecto. LLUIS FRANQUESA, SL tiene su domicilio en GIRONA, Espa\u00f1a.<br>Los contratos suscritos por v\u00eda electr\u00f3nica en los que intervenga como parte un consumidor se presumir\u00e1n celebrados en el lugar en que \u00e9sta tenga su residencia habitual.<br>Los contratos electr\u00f3nicos entre empresarios o profesionales, en defecto de pacto entre las partes, se presumir\u00e1n celebrados en el lugar en el que est\u00e9 establecido el prestador de servicios.<\/p>","protected":false},"excerpt":{"rendered":"<p>Aviso Legal En cumplimiento de la Ley 34\/2002, de 11 de julio, de Servicios de la Sociedad de la Informaci\u00f3n y de Comercio Electr\u00f3nico (LSSI-CE), LLUIS FRANQUESA, SL informa que es titular del sitio web. De acuerdo con la exigencia del art\u00edculo 10 de la citada Ley, LLUIS FRANQUESA, SL informa de los siguientes datos: Lluis Franquesa, \u2026 <a title=\"Aviso Legal\" class=\"read-more\" href=\"https:\/\/immobiliariafranquesa.com\/es\/aviso-legal\/\" aria-label=\"Leer m\u00e1s sobre Av\u00eds Legal\">Leer m\u00e1s<\/a><\/p>","protected":false},"author":1,"featured_media":0,"parent":0,"menu_order":0,"comment_status":"closed","ping_status":"closed","template":"","meta":{"_acf_changed":false,"footnotes":""},"class_list":["post-963","page","type-page","status-publish"],"acf":[],"_links":{"self":[{"href":"https:\/\/immobiliariafranquesa.com\/es\/wp-json\/wp\/v2\/pages\/963","targetHints":{"allow":["GET"]}}],"collection":[{"href":"https:\/\/immobiliariafranquesa.com\/es\/wp-json\/wp\/v2\/pages"}],"about":[{"href":"https:\/\/immobiliariafranquesa.com\/es\/wp-json\/wp\/v2\/types\/page"}],"author":[{"embeddable":true,"href":"https:\/\/immobiliariafranquesa.com\/es\/wp-json\/wp\/v2\/users\/1"}],"replies":[{"embeddable":true,"href":"https:\/\/immobiliariafranquesa.com\/es\/wp-json\/wp\/v2\/comments?post=963"}],"version-history":[{"count":1,"href":"https:\/\/immobiliariafranquesa.com\/es\/wp-json\/wp\/v2\/pages\/963\/revisions"}],"predecessor-version":[{"id":964,"href":"https:\/\/immobiliariafranquesa.com\/es\/wp-json\/wp\/v2\/pages\/963\/revisions\/964"}],"wp:attachment":[{"href":"https:\/\/immobiliariafranquesa.com\/es\/wp-json\/wp\/v2\/media?parent=963"}],"curies":[{"name":"wp","href":"https:\/\/api.w.org\/{rel}","templated":true}]}}