{"id":965,"date":"2025-07-22T05:21:40","date_gmt":"2025-07-22T05:21:40","guid":{"rendered":"https:\/\/franquesa.tandem.ws\/?page_id=965"},"modified":"2025-07-22T08:48:59","modified_gmt":"2025-07-22T08:48:59","slug":"politica-de-galletas","status":"publish","type":"page","link":"https:\/\/immobiliariafranquesa.com\/es\/politica-de-galletas\/","title":{"rendered":"Pol\u00edtica de galletas"},"content":{"rendered":"<h1 class=\"gb-text\">Pol\u00edtica de galletas<\/h1>\n\n\n\n<p>Conforme a lo dispuesto en el art\u00edculo 22.2 de la Ley 34\/2002, de 11 de julio, de Servicios de la Sociedad de la Informaci\u00f3n y de Comercio Electr\u00f3nico (LSSI-CE) vigente, LLUIS FRANQUESA, SL debe cumplir con la obligaci\u00f3n de informar sobre las galletas que utiliza y sus finalidades.<br>Este sitio web utiliza cookies y\/o tecnolog\u00edas similares que almacenan y recuperan informaci\u00f3n cuando navegas.<\/p>\n\n\n\n<p>Las cookies permiten a una p\u00e1gina web, entre otras cosas, almacenar y recuperar informaci\u00f3n sobre los h\u00e1bitos de navegaci\u00f3n de un Usuario o de su equipo y, dependiendo de la informaci\u00f3n que contenga y de la forma en que utilice su equipo, se pueden utilizar para reconocer al usuario.<br>Las cookies son esenciales para el funcionamiento de internet, aportando innumerables ventajas en la prestaci\u00f3n de servicios interactivos, facilitando al usuario la navegaci\u00f3n y usabilidad de nuestra web.<\/p>\n\n\n\n<p>Las cookies que utilizamos son:<\/p>\n\n\n\n<blockquote class=\"wp-block-quote is-layout-flow wp-block-quote-is-layout-flow\">\n<p>Google Maps: para poder mostrar su ubicaci\u00f3n en el mapa.<br>Es una cookie que dura lo que dura la visita que est\u00e1s llevando a cabo.<\/p>\n<\/blockquote>\n\n\n\n<p>Para informarse sobre c\u00f3mo eliminar las cookies de su explorador:<\/p>\n\n\n\n<ul class=\"wp-block-list\">\n<li><a href=\"https:\/\/support.mozilla.org\/es\/kb\/habilitar-y-deshabilitar-cookies-sitios-web-rastrear-preferencias\" target=\"_blank\" rel=\"noreferrer noopener\">Firefox<\/a><\/li>\n\n\n\n<li><a href=\"https:\/\/support.google.com\/chrome\/answer\/95647?hl=es\" target=\"_blank\" rel=\"noreferrer noopener\">Chrome<\/a><\/li>\n\n\n\n<li><a href=\"https:\/\/support.microsoft.com\/es-es\/topic\/eliminar-y-administrar-cookies-168dab11-0753-043d-7c16-ede5947fc64d\" target=\"_blank\" rel=\"noreferrer noopener\">Internet Explorer<\/a><\/li>\n\n\n\n<li><a href=\"https:\/\/support.apple.com\/kb\/PH19214?viewlocale=es_ES&amp;locale=es_ES\" target=\"_blank\" rel=\"noreferrer noopener\">Safari<\/a><\/li>\n\n\n\n<li><a href=\"https:\/\/www.allaboutcookies.org\/es\/administrar-las-cookies\/opera.html\" target=\"_blank\" rel=\"noreferrer noopener\">Opera<\/a><\/li>\n<\/ul>","protected":false},"excerpt":{"rendered":"<p>Pol\u00edtica de galletas Conforme a lo dispuesto en el art\u00edculo 22.2 de la Ley 34\/2002, de 11 de julio, de Servicios de la Sociedad de la Informaci\u00f3n y de Comercio Electr\u00f3nico (LSSI-CE) vigente, LLUIS FRANQUESA, SL debe cumplir con la obligaci\u00f3n de informar sobre las cookies que utiliza y sus finalidades. <a title=\"Pol\u00edtica de galletas\" class=\"read-more\" href=\"https:\/\/immobiliariafranquesa.com\/es\/politica-de-galletas\/\" aria-label=\"Leer m\u00e1s sobre Pol\u00edtica de galetes\">Leer m\u00e1s<\/a><\/p>","protected":false},"author":1,"featured_media":0,"parent":0,"menu_order":0,"comment_status":"closed","ping_status":"closed","template":"","meta":{"_acf_changed":false,"footnotes":""},"class_list":["post-965","page","type-page","status-publish"],"acf":[],"_links":{"self":[{"href":"https:\/\/immobiliariafranquesa.com\/es\/wp-json\/wp\/v2\/pages\/965","targetHints":{"allow":["GET"]}}],"collection":[{"href":"https:\/\/immobiliariafranquesa.com\/es\/wp-json\/wp\/v2\/pages"}],"about":[{"href":"https:\/\/immobiliariafranquesa.com\/es\/wp-json\/wp\/v2\/types\/page"}],"author":[{"embeddable":true,"href":"https:\/\/immobiliariafranquesa.com\/es\/wp-json\/wp\/v2\/users\/1"}],"replies":[{"embeddable":true,"href":"https:\/\/immobiliariafranquesa.com\/es\/wp-json\/wp\/v2\/comments?post=965"}],"version-history":[{"count":5,"href":"https:\/\/immobiliariafranquesa.com\/es\/wp-json\/wp\/v2\/pages\/965\/revisions"}],"predecessor-version":[{"id":1129,"href":"https:\/\/immobiliariafranquesa.com\/es\/wp-json\/wp\/v2\/pages\/965\/revisions\/1129"}],"wp:attachment":[{"href":"https:\/\/immobiliariafranquesa.com\/es\/wp-json\/wp\/v2\/media?parent=965"}],"curies":[{"name":"wp","href":"https:\/\/api.w.org\/{rel}","templated":true}]}}